{"id":567,"date":"2021-10-06T14:35:05","date_gmt":"2021-10-06T11:35:05","guid":{"rendered":"https:\/\/concurs.chisinau.md\/?page_id=567"},"modified":"2021-11-05T13:17:21","modified_gmt":"2021-11-05T10:17:21","slug":"vote","status":"publish","type":"page","link":"https:\/\/concurs.chisinau.md\/?lang=ro","title":{"rendered":"Vote"},"content":{"rendered":"\t\t<div data-elementor-type=\"wp-page\" data-elementor-id=\"567\" class=\"elementor elementor-567\" data-elementor-settings=\"[]\">\n\t\t\t\t\t\t\t<div class=\"elementor-section-wrap\">\n\t\t\t\t\t\t\t<section class=\"elementor-section elementor-top-section elementor-element elementor-element-0115923 elementor-section-boxed elementor-section-height-default elementor-section-height-default\" data-id=\"0115923\" data-element_type=\"section\">\n\t\t\t\t\t\t<div class=\"elementor-container elementor-column-gap-default\">\n\t\t\t\t\t<div class=\"elementor-column elementor-col-100 elementor-top-column elementor-element elementor-element-c1743f1\" data-id=\"c1743f1\" data-element_type=\"column\">\n\t\t\t<div class=\"elementor-widget-wrap elementor-element-populated\">\n\t\t\t\t\t\t\t\t<div class=\"elementor-element elementor-element-7c30a63 elementor-widget elementor-widget-heading\" data-id=\"7c30a63\" data-element_type=\"widget\" data-widget_type=\"heading.default\">\n\t\t\t\t<div class=\"elementor-widget-container\">\n\t\t\t<h2 class=\"elementor-heading-title elementor-size-default\">Rezultatele primului tur<\/h2>\t\t<\/div>\n\t\t\t\t<\/div>\n\t\t\t\t<div class=\"elementor-element elementor-element-064c2fb elementor-widget elementor-widget-text-editor\" data-id=\"064c2fb\" data-element_type=\"widget\" data-widget_type=\"text-editor.default\">\n\t\t\t\t<div class=\"elementor-widget-container\">\n\t\t\t\t\t\t\t\t<p>Prin prezenta se fac publice rezultatele ultimei \u00eentruniri ai membrilor juriului ai concursului deschis de crea\u021bie arhitectural\u0103 pentru cel mai bun concept de revitalizare \u0219i reamenajare a teritoriului Gr\u0103dinii Publice \u0218tefan cel Mare \u0219i Sf\u00e2nt \u0219i a Scuarului Catedralei din municipiul Chi\u0219in\u0103u.<\/p>\t\t\t\t\t\t<\/div>\n\t\t\t\t<\/div>\n\t\t\t\t<div class=\"elementor-element elementor-element-966fde0 elementor-widget elementor-widget-text-editor\" data-id=\"966fde0\" data-element_type=\"widget\" data-widget_type=\"text-editor.default\">\n\t\t\t\t<div class=\"elementor-widget-container\">\n\t\t\t\t\t\t\t\t<p><strong>La \u0219edin\u021ba din 31 octombrie 2021 au fost luate urm\u0103toarele decizii:<\/strong><\/p><ol><li>Lu\u00e2nd \u00een considerare comentariile consiliului de exper\u021bi de la \u00eentrunirea din 20 octombrie 2021, precum \u0219i \u021bin\u00e2nd cont de discu\u021biile or\u0103\u0219enilor de pe re\u021belele de socializare, membrii juriul au decis s\u0103 nu acorde premii pe baza rezultatelor etapei I.<\/li><li>S\u0103 anun\u021be etapa II a concursului cu cerin\u021bele stabilite.<\/li><li>\u00cen etapa II sunt admise 4 lucr\u0103ri din cele 11 care au participat \u00een turul I, cu urm\u0103toarele coduri alfanumerice (indicate \u00een ordine alfabetic\u0103):<br \/><strong>&#8211; \u0410\u0415 9857 (Arh Evolutio SRL)<\/strong><\/li><\/ol><p style=\"padding-left: 40px;\"><strong>&#8211; \u0410\u041e 9202 (ARHICO)<\/strong><br \/><strong>&#8211; \u0410\u0425 0652 (SRL Arhicubix)<\/strong><br \/><strong>&#8211; \u0412\u0420 9000 (Elena Ribac)<\/strong><\/p>\t\t\t\t\t\t<\/div>\n\t\t\t\t<\/div>\n\t\t\t\t<div class=\"elementor-element elementor-element-793fcb4 elementor-widget elementor-widget-text-editor\" data-id=\"793fcb4\" data-element_type=\"widget\" data-widget_type=\"text-editor.default\">\n\t\t\t\t<div class=\"elementor-widget-container\">\n\t\t\t\t\t\t\t\t<p>Membrii juriului au constatat c\u0103 niciunul dintre participan\u021bii turului I nu a respectat pe deplin cerin\u021bele solicitate \u0219i indicate \u00een documenta\u021bia de concurs. Prin urmare, niciuna dintre lucr\u0103ri nu poate fi desemnat\u0103 c\u00e2\u0219tig\u0103toare.<\/p><p>Pentru etapa II au fost selectate lucr\u0103rile care au acumulat cele mai multe voturi. La selectarea lucr\u0103rilor pentru etapa II, s-a luat \u00een considerare, \u00een primul r\u00e2nd, nivelul de \u00een\u021belegere profesional\u0103 a cerin\u021belor concursului, \u00een calitate de concurs de arhitectur\u0103 \u0219i urbanism \u00een centrul istoric al capitalei.<\/p><p>Juriul men\u021bioneaz\u0103 c\u0103 to\u021bi cei 11 participan\u021bi la concurs au dat dovad\u0103 de creativitate, materialele prezentate fiind realizate la nivel profesionist.<\/p><p>Acest fapt confirm\u0103 c\u0103 practica concursurilor deschise, disp\u0103rut\u0103 \u00een ultimii 20 de ani, trebuie s\u0103 fie reluat\u0103, a\u0219a cum doar la competi\u021biile deschise pot fi selectate cele mai bune solu\u021bii.<\/p>\t\t\t\t\t\t<\/div>\n\t\t\t\t<\/div>\n\t\t\t\t<div class=\"elementor-element elementor-element-5469401 elementor-widget elementor-widget-text-editor\" data-id=\"5469401\" data-element_type=\"widget\" data-widget_type=\"text-editor.default\">\n\t\t\t\t<div class=\"elementor-widget-container\">\n\t\t\t\t\t\t\t\t<p>A doua etap\u0103 a concursului va fi lansat\u0103 \u00een trimestrul II al anului 2022. P\u00e2n\u0103 atunci Prim\u0103ria municipiului Chi\u0219in\u0103u se ocup\u0103 de preg\u0103tirea documenta\u021biei necesare. Vor fi efectuate primordial urm\u0103toarele studii care, odat\u0103 finalizate, vor fi puse la dispozi\u021bia participan\u021bilor:<\/p><ul><li>Ridicarea topografic\u0103<\/li><li>Inventarierea dendrologic\u0103<\/li><li>Studiul istoric<\/li><\/ul>\t\t\t\t\t\t<\/div>\n\t\t\t\t<\/div>\n\t\t\t\t<div class=\"elementor-element elementor-element-c53b923 elementor-widget elementor-widget-heading\" data-id=\"c53b923\" data-element_type=\"widget\" data-widget_type=\"heading.default\">\n\t\t\t\t<div class=\"elementor-widget-container\">\n\t\t\t<h2 class=\"elementor-heading-title elementor-size-default\">Lucr\u0103rile participan\u021bilor<\/h2>\t\t<\/div>\n\t\t\t\t<\/div>\n\t\t\t\t<div class=\"elementor-element elementor-element-ce53c03 elementor-widget elementor-widget-wp-widget-totalpoll_poll\" data-id=\"ce53c03\" data-element_type=\"widget\" data-widget_type=\"wp-widget-totalpoll_poll.default\">\n\t\t\t\t<div class=\"elementor-widget-container\">\n\t\t\t<div id=\"totalpoll\" class=\"totalpoll-wrapper totalpoll-uid-d9dbb1bd534753ae60ca6e92de94c632 is-ltr is-screen-results\" totalpoll=\"570\" totalpoll-uid=\"d9dbb1bd534753ae60ca6e92de94c632\" totalpoll-screen=\"results\" totalpoll-ajax-url=\"https:\/\/concurs.chisinau.md\/wp-admin\/admin-ajax.php?action=totalpoll&totalpoll%5BpollId%5D=570&totalpoll%5Baction%5D=view&totalpoll%5Bscreen%5D=results\"><script type=\"text\/totalpoll-config\" totalpoll-config=\"570\">{\"ajaxEndpoint\":\"https:\\\/\\\/concurs.chisinau.md\\\/wp-admin\\\/admin-ajax.php?action=totalpoll\",\"behaviours\":{\"ajax\":true,\"scrollUp\":true,\"oneClick\":false,\"async\":false},\"effects\":{\"transition\":\"fade\",\"duration\":\"500\"},\"i18n\":{\"Previous\":\"Previous\",\"Next\":\"Next\",\"of\":\"of\",\"Something went wrong! Please try again.\":\"Something went wrong! Please try again.\"}}<\/script><link rel=\"stylesheet\" id=\"totalpoll-poll-d9dbb1bd534753ae60ca6e92de94c632-css\"  href=\"https:\/\/concurs.chisinau.md\/wp-content\/cache\/totalpoll\/css\/d9dbb1bd534753ae60ca6e92de94c632.css\" type=\"text\/css\" media=\"all\" \/><div id=\"totalpoll-poll-570\" class=\"totalpoll-container\"><form action=\"\" enctype=\"multipart\/form-data\" class=\"totalpoll-form\" method=\"POST\" novalidate=\"novalidate\">    <div class=\"totalpoll-message totalpoll-message-error\">This poll has ended (since 4 years).<\/div>\r\n<div style=\"visibility: hidden; position: absolute; width: 0px; height: 0px;\">\r\n    <svg id=\"totalpoll-check-icon\" xmlns=\"http:\/\/www.w3.org\/2000\/svg\" width=\"24\" height=\"24\" viewBox=\"0 0 24 24\">\r\n        <path d=\"M0,0H24V24H0Z\" fill=\"none\"\/>\r\n        <path d=\"M9,15.1999l-4.2-4.2L2.3999,13.4,9,20.0001,22.0001,7,19.6,4.5999Z\"\/>\r\n    <\/svg>\r\n<\/div>    <div class=\"totalpoll-questions\">\r\n\t\t<div class=\"totalpoll-question\" >\r\n    <div class=\"totalpoll-question-container\">\r\n        <div class=\"totalpoll-question-content\" >\r\n\t\t\t        <\/div>\r\n\r\n        <div class=\"totalpoll-question-choices\">\r\n\t\t\t\t\t\t\t\t\t\t\t\t<div class=\"totalpoll-question-choices-item totalpoll-question-choices-item-results totalpoll-question-choices-item-type-html\" >\r\n    <div class=\"totalpoll-question-choices-item-container\">\r\n        \r\n\t\t            <div class=\"totalpoll-question-choices-item-content-container\">\r\n                <div class=\"totalpoll-question-choices-item-content\">\r\n\t\t\t\t\t\t\t\t\t\t\t<a href=\"https:\/\/concurs.chisinau.md\/?p=660&lang=ro\"><img src=\"https:\/\/concurs.chisinau.md\/wp-content\/uploads\/2021\/10\/2-31.jpg\" alt=\"\" \/><\/a>\t\t\t\t\t                <\/div>\r\n            <\/div>\r\n\t\t        \r\n        <div class=\"totalpoll-question-choices-item-label\">\r\n            <span >SRL Arhicubix<\/span>\r\n            <div class=\"totalpoll-question-choices-item-votes\">\r\n                <div class=\"totalpoll-question-choices-item-votes-bar\" style=\"width: 21.05%\"><\/div>\r\n                <div class=\"totalpoll-question-choices-item-votes-text \">21.05%<\/div>\r\n            <\/div>\r\n        <\/div>\r\n    <\/div>\r\n<\/div>\r\n\t\t\t\t\t\t\t\t\t\t\t\t\t\t\t\t<div class=\"totalpoll-question-choices-item totalpoll-question-choices-item-results totalpoll-question-choices-item-type-html\" >\r\n    <div class=\"totalpoll-question-choices-item-container\">\r\n        \r\n\t\t            <div class=\"totalpoll-question-choices-item-content-container\">\r\n                <div class=\"totalpoll-question-choices-item-content\">\r\n\t\t\t\t\t\t\t\t\t\t\t<a href=\"https:\/\/concurs.chisinau.md\/?p=628&lang=ro\"><img src=\"https:\/\/concurs.chisinau.md\/wp-content\/uploads\/2021\/10\/19-SCUARUL-CATEDRALEI-scaled.jpg\" alt=\"\" \/><\/a>\t\t\t\t\t                <\/div>\r\n            <\/div>\r\n\t\t        \r\n        <div class=\"totalpoll-question-choices-item-label\">\r\n            <span >Atelier ARCHINSPACE<\/span>\r\n            <div class=\"totalpoll-question-choices-item-votes\">\r\n                <div class=\"totalpoll-question-choices-item-votes-bar\" style=\"width: 15.02%\"><\/div>\r\n                <div class=\"totalpoll-question-choices-item-votes-text \">15.02%<\/div>\r\n            <\/div>\r\n        <\/div>\r\n    <\/div>\r\n<\/div>\r\n\t\t\t\t\t\t\t\t\t\t\t\t\t\t\t\t<div class=\"totalpoll-question-choices-item totalpoll-question-choices-item-results totalpoll-question-choices-item-type-html\" >\r\n    <div class=\"totalpoll-question-choices-item-container\">\r\n        \r\n\t\t            <div class=\"totalpoll-question-choices-item-content-container\">\r\n                <div class=\"totalpoll-question-choices-item-content\">\r\n\t\t\t\t\t\t\t\t\t\t\t<a href=\"https:\/\/concurs.chisinau.md\/?p=695&lang=ro\"><img src=\"https:\/\/concurs.chisinau.md\/wp-content\/uploads\/2021\/10\/1-scaled.jpg\" alt=\"\" \/><\/a>\t\t\t\t\t                <\/div>\r\n            <\/div>\r\n\t\t        \r\n        <div class=\"totalpoll-question-choices-item-label\">\r\n            <span >Balmarin Proiect<\/span>\r\n            <div class=\"totalpoll-question-choices-item-votes\">\r\n                <div class=\"totalpoll-question-choices-item-votes-bar\" style=\"width: 10.55%\"><\/div>\r\n                <div class=\"totalpoll-question-choices-item-votes-text \">10.55%<\/div>\r\n            <\/div>\r\n        <\/div>\r\n    <\/div>\r\n<\/div>\r\n\t\t\t\t\t\t\t\t\t\t\t\t\t\t\t\t<div class=\"totalpoll-question-choices-item totalpoll-question-choices-item-results totalpoll-question-choices-item-type-html\" >\r\n    <div class=\"totalpoll-question-choices-item-container\">\r\n        \r\n\t\t            <div class=\"totalpoll-question-choices-item-content-container\">\r\n                <div class=\"totalpoll-question-choices-item-content\">\r\n\t\t\t\t\t\t\t\t\t\t\t<a href=\"https:\/\/concurs.chisinau.md\/?p=589&amp;lang=ro\"><img src=\"http:\/\/concurs.chisinau.md\/wp-content\/uploads\/2021\/10\/GA9145-1-1.jpg\" alt=\"\" \/><\/a>\t\t\t\t\t                <\/div>\r\n            <\/div>\r\n\t\t        \r\n        <div class=\"totalpoll-question-choices-item-label\">\r\n            <span >Gorgona SRL<\/span>\r\n            <div class=\"totalpoll-question-choices-item-votes\">\r\n                <div class=\"totalpoll-question-choices-item-votes-bar\" style=\"width: 9.88%\"><\/div>\r\n                <div class=\"totalpoll-question-choices-item-votes-text \">9.88%<\/div>\r\n            <\/div>\r\n        <\/div>\r\n    <\/div>\r\n<\/div>\r\n\t\t\t\t\t\t\t\t\t\t\t\t\t\t\t\t<div class=\"totalpoll-question-choices-item totalpoll-question-choices-item-results totalpoll-question-choices-item-type-html\" >\r\n    <div class=\"totalpoll-question-choices-item-container\">\r\n        \r\n\t\t            <div class=\"totalpoll-question-choices-item-content-container\">\r\n                <div class=\"totalpoll-question-choices-item-content\">\r\n\t\t\t\t\t\t\t\t\t\t\t<a href=\"https:\/\/concurs.chisinau.md\/?p=644&amp;lang=ro\"><img src=\"https:\/\/concurs.chisinau.md\/wp-content\/uploads\/2021\/10\/1.2.jpg\" alt=\"\" \/><\/a>\t\t\t\t\t                <\/div>\r\n            <\/div>\r\n\t\t        \r\n        <div class=\"totalpoll-question-choices-item-label\">\r\n            <span >Arh Evolutio SRL<\/span>\r\n            <div class=\"totalpoll-question-choices-item-votes\">\r\n                <div class=\"totalpoll-question-choices-item-votes-bar\" style=\"width: 9.57%\"><\/div>\r\n                <div class=\"totalpoll-question-choices-item-votes-text \">9.57%<\/div>\r\n            <\/div>\r\n        <\/div>\r\n    <\/div>\r\n<\/div>\r\n\t\t\t\t\t\t\t\t\t\t\t\t\t\t\t\t<div class=\"totalpoll-question-choices-item totalpoll-question-choices-item-results totalpoll-question-choices-item-type-html\" >\r\n    <div class=\"totalpoll-question-choices-item-container\">\r\n        \r\n\t\t            <div class=\"totalpoll-question-choices-item-content-container\">\r\n                <div class=\"totalpoll-question-choices-item-content\">\r\n\t\t\t\t\t\t\t\t\t\t\t<a href=\"https:\/\/concurs.chisinau.md\/?p=794&amp;lang=ro\"><img src=\"http:\/\/concurs.chisinau.md\/wp-content\/uploads\/2021\/10\/CP-1-scaled.jpg\" alt=\"\" \/><\/a>\t\t\t\t\t                <\/div>\r\n            <\/div>\r\n\t\t        \r\n        <div class=\"totalpoll-question-choices-item-label\">\r\n            <span >RO2R architects<\/span>\r\n            <div class=\"totalpoll-question-choices-item-votes\">\r\n                <div class=\"totalpoll-question-choices-item-votes-bar\" style=\"width: 8.23%\"><\/div>\r\n                <div class=\"totalpoll-question-choices-item-votes-text \">8.23%<\/div>\r\n            <\/div>\r\n        <\/div>\r\n    <\/div>\r\n<\/div>\r\n\t\t\t\t\t\t\t\t\t\t\t\t\t\t\t\t<div class=\"totalpoll-question-choices-item totalpoll-question-choices-item-results totalpoll-question-choices-item-type-html\" >\r\n    <div class=\"totalpoll-question-choices-item-container\">\r\n        \r\n\t\t            <div class=\"totalpoll-question-choices-item-content-container\">\r\n                <div class=\"totalpoll-question-choices-item-content\">\r\n\t\t\t\t\t\t\t\t\t\t\t<a href=\"https:\/\/concurs.chisinau.md\/?p=776&lang=ro\"><img src=\"https:\/\/concurs.chisinau.md\/wp-content\/uploads\/2021\/10\/2-1.jpg\" alt=\"\" \/><\/a>\t\t\t\t\t                <\/div>\r\n            <\/div>\r\n\t\t        \r\n        <div class=\"totalpoll-question-choices-item-label\">\r\n            <span >LH47 ARCH<\/span>\r\n            <div class=\"totalpoll-question-choices-item-votes\">\r\n                <div class=\"totalpoll-question-choices-item-votes-bar\" style=\"width: 7.69%\"><\/div>\r\n                <div class=\"totalpoll-question-choices-item-votes-text \">7.69%<\/div>\r\n            <\/div>\r\n        <\/div>\r\n    <\/div>\r\n<\/div>\r\n\t\t\t\t\t\t\t\t\t\t\t\t\t\t\t\t<div class=\"totalpoll-question-choices-item totalpoll-question-choices-item-results totalpoll-question-choices-item-type-html\" >\r\n    <div class=\"totalpoll-question-choices-item-container\">\r\n        \r\n\t\t            <div class=\"totalpoll-question-choices-item-content-container\">\r\n                <div class=\"totalpoll-question-choices-item-content\">\r\n\t\t\t\t\t\t\t\t\t\t\t<a href=\"https:\/\/concurs.chisinau.md\/?p=737&amp;lang=ro\"><img src=\"https:\/\/concurs.chisinau.md\/wp-content\/uploads\/2021\/10\/9_18.jpg\" alt=\"\" \/><\/a>\t\t\t\t\t                <\/div>\r\n            <\/div>\r\n\t\t        \r\n        <div class=\"totalpoll-question-choices-item-label\">\r\n            <span >Felsen Design & Hargli Design<\/span>\r\n            <div class=\"totalpoll-question-choices-item-votes\">\r\n                <div class=\"totalpoll-question-choices-item-votes-bar\" style=\"width: 6.62%\"><\/div>\r\n                <div class=\"totalpoll-question-choices-item-votes-text \">6.62%<\/div>\r\n            <\/div>\r\n        <\/div>\r\n    <\/div>\r\n<\/div>\r\n\t\t\t\t\t\t\t\t\t\t\t\t\t\t\t\t<div class=\"totalpoll-question-choices-item totalpoll-question-choices-item-results totalpoll-question-choices-item-type-html\" >\r\n    <div class=\"totalpoll-question-choices-item-container\">\r\n        \r\n\t\t            <div class=\"totalpoll-question-choices-item-content-container\">\r\n                <div class=\"totalpoll-question-choices-item-content\">\r\n\t\t\t\t\t\t\t\t\t\t\t<a href=\"https:\/\/concurs.chisinau.md\/?p=759&lang=ro\"><img src=\"http:\/\/\" alt=\"\" \/><img src=\"http:\/\/concurs.chisinau.md\/wp-content\/uploads\/2021\/10\/5-din-5_compressed-scaled.jpg\" alt=\"\" \/><\/a>\t\t\t\t\t                <\/div>\r\n            <\/div>\r\n\t\t        \r\n        <div class=\"totalpoll-question-choices-item-label\">\r\n            <span >Nani Natalia<\/span>\r\n            <div class=\"totalpoll-question-choices-item-votes\">\r\n                <div class=\"totalpoll-question-choices-item-votes-bar\" style=\"width: 4.87%\"><\/div>\r\n                <div class=\"totalpoll-question-choices-item-votes-text \">4.87%<\/div>\r\n            <\/div>\r\n        <\/div>\r\n    <\/div>\r\n<\/div>\r\n\t\t\t\t\t\t\t\t\t\t\t\t\t\t\t\t<div class=\"totalpoll-question-choices-item totalpoll-question-choices-item-results totalpoll-question-choices-item-type-html\" >\r\n    <div class=\"totalpoll-question-choices-item-container\">\r\n        \r\n\t\t            <div class=\"totalpoll-question-choices-item-content-container\">\r\n                <div class=\"totalpoll-question-choices-item-content\">\r\n\t\t\t\t\t\t\t\t\t\t\t<a href=\"https:\/\/concurs.chisinau.md\/?p=847&lang=ro\"><img src=\"https:\/\/concurs.chisinau.md\/wp-content\/uploads\/2021\/10\/29_compressed-1024x811.jpg\" alt=\"\" \/><\/a>\t\t\t\t\t                <\/div>\r\n            <\/div>\r\n\t\t        \r\n        <div class=\"totalpoll-question-choices-item-label\">\r\n            <span >Imp \"Chisinauproiect\"<\/span>\r\n            <div class=\"totalpoll-question-choices-item-votes\">\r\n                <div class=\"totalpoll-question-choices-item-votes-bar\" style=\"width: 4.74%\"><\/div>\r\n                <div class=\"totalpoll-question-choices-item-votes-text \">4.74%<\/div>\r\n            <\/div>\r\n        <\/div>\r\n    <\/div>\r\n<\/div>\r\n\t\t\t\t\t\t\t\t\t\t\t\t\t\t\t\t<div class=\"totalpoll-question-choices-item totalpoll-question-choices-item-results totalpoll-question-choices-item-type-html\" >\r\n    <div class=\"totalpoll-question-choices-item-container\">\r\n        \r\n\t\t            <div class=\"totalpoll-question-choices-item-content-container\">\r\n                <div class=\"totalpoll-question-choices-item-content\">\r\n\t\t\t\t\t\t\t\t\t\t\t<a href=\"https:\/\/concurs.chisinau.md\/?p=826&lang=ro\"><img src=\"https:\/\/concurs.chisinau.md\/wp-content\/uploads\/2021\/10\/DAS_%D0%9A%D0%BE%D0%BD%D0%BA%D1%83%D1%80%D1%81_01_%D0%98%D1%81%D1%82%D0%BE%D1%80%D0%B8%D1%87%D0%B5%D1%81%D0%BA%D0%B0%D1%8F-%D1%81%D0%BF%D1%80%D0%B0%D0%B2%D0%BA%D0%B0_%D0%BD%D0%BE%D0%B2%D1%8B%D0%B9-%D1%80%D0%B0%D0%B7%D0%BC%D0%B5%D1%80-scaled.jpg\" alt=\"\" \/><\/a>\t\t\t\t\t                <\/div>\r\n            <\/div>\r\n\t\t        \r\n        <div class=\"totalpoll-question-choices-item-label\">\r\n            <span >ARHICO<\/span>\r\n            <div class=\"totalpoll-question-choices-item-votes\">\r\n                <div class=\"totalpoll-question-choices-item-votes-bar\" style=\"width: 1.79%\"><\/div>\r\n                <div class=\"totalpoll-question-choices-item-votes-text \">1.79%<\/div>\r\n            <\/div>\r\n        <\/div>\r\n    <\/div>\r\n<\/div>\r\n\t\t\t\t\t\t\t        <\/div>\r\n    <\/div>\r\n<\/div>\r\n    <\/div>\r\n\t<div class=\"totalpoll-form-hidden-fields\">\r\n\t<div class=\"totalpoll-form-page\"><div class=\"totalpoll-form-field-hidden\"><div class=\"totalpoll-form-field totalpoll-form-field-type-hidden totalpoll-column-full\"><div class=\"totalpoll-form-field-wrapper\"><input type=\"hidden\" name=\"totalpoll[screen]\" value=\"results\" class=\"totalpoll-form-field-input\"><div class=\"totalpoll-form-field-errors\"><\/div><\/div><\/div><\/div><div class=\"totalpoll-form-field-hidden\"><div class=\"totalpoll-form-field totalpoll-form-field-type-hidden totalpoll-column-full\"><div class=\"totalpoll-form-field-wrapper\"><input type=\"hidden\" name=\"totalpoll[pollId]\" value=\"570\" class=\"totalpoll-form-field-input\"><div class=\"totalpoll-form-field-errors\"><\/div><\/div><\/div><\/div><div class=\"totalpoll-form-field-hidden\"><div class=\"totalpoll-form-field totalpoll-form-field-type-hidden totalpoll-column-full\"><div class=\"totalpoll-form-field-wrapper\"><input type=\"hidden\" name=\"totalpoll[action]\" value=\"\" class=\"totalpoll-form-field-input\"><div class=\"totalpoll-form-field-errors\"><\/div><\/div><\/div><\/div><\/div><\/div>\r\n<div class=\"totalpoll-buttons\">\r\n\t<\/div>\r\n<\/form><\/div><\/div>\t\t<\/div>\n\t\t\t\t<\/div>\n\t\t\t\t\t<\/div>\n\t\t<\/div>\n\t\t\t\t\t\t\t<\/div>\n\t\t<\/section>\n\t\t\t\t\t\t<\/div>\n\t\t\t\t\t<\/div>\n\t\t","protected":false},"excerpt":{"rendered":"<p>Rezultatele primului tur Prin prezenta se fac publice rezultatele ultimei \u00eentruniri ai membrilor juriului ai concursului deschis de crea\u021bie arhitectural\u0103 pentru cel mai bun concept de revitalizare \u0219i reamenajare a teritoriului Gr\u0103dinii Publice \u0218tefan cel Mare \u0219i Sf\u00e2nt \u0219i a Scuarului Catedralei din municipiul Chi\u0219in\u0103u. La \u0219edin\u021ba din 31 octombrie 2021 au fost luate urm\u0103toarele [&hellip;]<\/p>\n","protected":false},"author":1,"featured_media":0,"parent":0,"menu_order":0,"comment_status":"closed","ping_status":"closed","template":"","meta":[],"lang":"ro","translations":{"ru":922,"ro":567},"pll_sync_post":[],"_links":{"self":[{"href":"https:\/\/concurs.chisinau.md\/index.php?rest_route=\/wp\/v2\/pages\/567"}],"collection":[{"href":"https:\/\/concurs.chisinau.md\/index.php?rest_route=\/wp\/v2\/pages"}],"about":[{"href":"https:\/\/concurs.chisinau.md\/index.php?rest_route=\/wp\/v2\/types\/page"}],"author":[{"embeddable":true,"href":"https:\/\/concurs.chisinau.md\/index.php?rest_route=\/wp\/v2\/users\/1"}],"replies":[{"embeddable":true,"href":"https:\/\/concurs.chisinau.md\/index.php?rest_route=%2Fwp%2Fv2%2Fcomments&post=567"}],"version-history":[{"count":16,"href":"https:\/\/concurs.chisinau.md\/index.php?rest_route=\/wp\/v2\/pages\/567\/revisions"}],"predecessor-version":[{"id":980,"href":"https:\/\/concurs.chisinau.md\/index.php?rest_route=\/wp\/v2\/pages\/567\/revisions\/980"}],"wp:attachment":[{"href":"https:\/\/concurs.chisinau.md\/index.php?rest_route=%2Fwp%2Fv2%2Fmedia&parent=567"}],"curies":[{"name":"wp","href":"https:\/\/api.w.org\/{rel}","templated":true}]}}